{"id":44,"date":"2022-01-13T14:45:25","date_gmt":"2022-01-13T13:45:25","guid":{"rendered":"http:\/\/ac-formation.fr\/?page_id=44"},"modified":"2022-01-13T15:10:38","modified_gmt":"2022-01-13T14:10:38","slug":"politique-de-confidentialite-2","status":"publish","type":"page","link":"https:\/\/ac-formation.fr\/index.php\/politique-de-confidentialite-2\/","title":{"rendered":"Politique de confidentialit\u00e9"},"content":{"rendered":"\n<p><strong>Politique de confidentialit\u00e9 li\u00e9e au site Internet<\/strong><br>L\u2019adresse de notre site Web est&nbsp;: https:\/\/ac-formation.fr<\/p>\n\n\n\n<h6>Derni\u00e8re mise \u00e0 jour\u00a0: 13\/01\/2022<\/h6>\n\n\n\n<p>La pr\u00e9sente politique de confidentialit\u00e9 d\u00e9finit et vous informe de la mani\u00e8re dont ac-formation utilise et prot\u00e8ge les informations que vous pourriez nous transmettre lors de votre navigation sur notre site, et le cas \u00e9ch\u00e9ant, lorsque vous utilisez le formulaire de demande de renseignements, en vue d\u2019obtenir de notre part une information compl\u00e9mentaire ou un devis.<br>Veuillez noter que cette politique de confidentialit\u00e9 est susceptible d\u2019\u00eatre modifi\u00e9e ou compl\u00e9t\u00e9e \u00e0 tout moment par Annie CAIMANT, notamment en vue de se conformer \u00e0 toute \u00e9volution l\u00e9gislative, r\u00e8glementaire, jurisprudentielle ou technologique. Dans un tel cas, la date de sa mise \u00e0 jour sera clairement identifi\u00e9e en t\u00eate de la pr\u00e9sente politique. Ces modifications engagent l\u2019utilisateur d\u00e8s leur mise en ligne. L\u2019utilisateur doit donc consulter r\u00e9guli\u00e8rement la pr\u00e9sente politique de confidentialit\u00e9 pour se tenir inform\u00e9 des \u00e9ventuelles modifications.<\/p>\n\n\n\n<h3>Gestion des cookies<\/h3>\n\n\n\n<p>Pour en savoir plus sur les cookies que nous utilisons, leur finalit\u00e9, et la mani\u00e8re dont vous pouvez modifier vos param\u00e9trages sur la banni\u00e8re de recueil de votre consentement si n\u00e9cessaire selon les cookies utilis\u00e9s, nous vous invitons \u00e0 consulter la page <a href=\"https:\/\/openbox.fr\/declaration-relative-aux-cookies\/\">D\u00e9claration relative aux cookies<\/a> qui vous donnera acc\u00e8s \u00e0 toutes ces informations.<\/p>\n\n\n\n<h5>Contenu embarqu\u00e9 depuis d\u2019autres sites<\/h5>\n\n\n\n<p>Certains articles de ce site peuvent inclure des contenus int\u00e9gr\u00e9s (par exemple le plan d\u2019acc\u00e8s Google Map). Le contenu int\u00e9gr\u00e9 depuis d\u2019autres sites se comporte de la m\u00eame mani\u00e8re que si le visiteur se rendait sur cet autre site.<br><br>Ces sites web pourraient collecter des donn\u00e9es sur vous, utiliser des cookies, embarquer des outils de suivis tiers, suivre vos interactions avec ces contenus embarqu\u00e9s si vous disposez d\u2019un compte connect\u00e9 sur leur site web.<\/p>\n\n\n\n<h3>Formulaire de demande de renseignements<\/h3>\n\n\n\n<p>Ce formulaire est accessible depuis diff\u00e9rentes pages du\nsite internet, en vous invitant \u00e0 obtenir plus d\u2019informations sur nos\nprestations selon vos besoins.<\/p>\n\n\n\n<h5>Nature des donn\u00e9es personnelles recueillies lorsque vous compl\u00e9tez le formulaire&nbsp;de demande d\u2019informations :<\/h5>\n\n\n\n<p>Nom \u2013 Pr\u00e9nom &#8211; Soci\u00e9t\u00e9 que vos repr\u00e9sentez et code postal de votre \u00e9tablissement &#8211; T\u00e9l\u00e9phone professionnel et mail professionnel &#8211; Objet de votre demande<br>Le nom de la soci\u00e9t\u00e9 est demand\u00e9 car ce traitement d\u2019informations s\u2019adresse aux professionnels et non aux particuliers, comme l\u2019ensemble de nos prestations \u00e0 ce jour (prestations BtoB).<\/p>\n\n\n\n<h5>Identit\u00e9 du responsable du traitement&nbsp;:<\/h5>\n\n\n\n<p>ANNIE CAIMANT<br>68bis route de DOMONT<br>95460 EZANVILLE<\/p>\n\n\n\n<h5>Finalit\u00e9s du traitement li\u00e9 au formulaire de demande d\u2019informations&nbsp;:<\/h5>\n\n\n\n<p>R\u00e9pondre \u00e0 votre demande d\u2019informations compl\u00e9mentaires et \u00e0 cette fin vous contacter par mail ou t\u00e9l\u00e9phone \u00e9ventuellement, pour pr\u00e9ciser votre besoin si n\u00e9cessaire, en vue de vous transmettre les \u00e9l\u00e9ments attendus, et ult\u00e9rieurement vous tenir inform\u00e9 des \u00e9volutions de notre prestation s\u2019inscrivant dans le p\u00e9rim\u00e8tre de votre demande d\u2019informations.<br>C\u2019est donc \u00e0 cette fin que vous consentez \u00e0 nous communiquer ces informations, conform\u00e9ment aux dispositions de l\u2019article 6 du RGPD (alin\u00e9a 1-a) relatif \u00e0 la lic\u00e9it\u00e9 du traitement.<\/p>\n\n\n\n<h5>Destinataires des donn\u00e9es personnelles&nbsp;:<\/h5>\n\n\n\n<p>Seul ac-formation est destinataire de vos Informations Personnelles. Celles-ci, que ce soit sous forme individuelle ou agr\u00e9g\u00e9e, ne sont par transmises \u00e0 un tiers. ac-formation ne proc\u00e8de en aucun cas \u00e0 la commercialisation de vos donn\u00e9es personnelles.<\/p>\n\n\n\n<h5> Dur\u00e9e de conservation&nbsp;des donn\u00e9es : <\/h5>\n\n\n\n<p>36 mois au maximum. Nous nous r\u00e9servons le droit de supprimer \u00e0 tout moment vos donn\u00e9es personnelles en de\u00e7\u00e0 de ce d\u00e9lai. <\/p>\n\n\n\n<h5>Exercer vos droits&nbsp;:<\/h5>\n\n\n\n<p>Vous disposez des droits suivants concernant vos Donn\u00e9es Personnelles et en particulier dans le cadre du traitement d\u00e9crit ci-dessus : droit d\u2019acc\u00e8s, de rectification, d\u2019effacement, d\u2019opposition au traitement, droit \u00e0 sa limitation et ce conform\u00e9ment au chapitre 3 du RGPD et de la l\u00e9gislation fran\u00e7aise y aff\u00e9rente. Vous pouvez ainsi \u00e0 tout moment retirer votre consentement lorsqu&rsquo;il a \u00e9t\u00e9 demand\u00e9.<br>Vous pouvez exercer vos droits en nous \u00e9crivant \u00e0 l\u2019adresse postale mentionn\u00e9e au paragraphe&nbsp;: identit\u00e9 du responsable de traitement ou par mail, \u00e0 l\u2019adresse&nbsp;: <a href=\"mailto:protect@openbox.fr\">contact@ac-formation.fr<\/a><br> Vous pouvez introduire une r\u00e9clamation aupr\u00e8s d\u2019une autorit\u00e9 de contr\u00f4le (CNIL pour la France) si vous estimez que le traitement de vos donn\u00e9es personnelles s\u2019inscrit en violation de la r\u00e9glementation. <br> N\u2019h\u00e9sitez pas \u00e0 nous contacter pour toute question sur le sujet (adresse mail ci-dessus). <\/p>\n\n\n\n<p>Nous vous remercions de votre confiance.<\/p>\n","protected":false},"excerpt":{"rendered":"<p>Politique de confidentialit\u00e9 li\u00e9e au site InternetL\u2019adresse de notre site Web est&nbsp;: [&hellip;]<\/p>\n","protected":false},"author":1,"featured_media":0,"parent":0,"menu_order":0,"comment_status":"closed","ping_status":"closed","template":"","meta":[],"_links":{"self":[{"href":"https:\/\/ac-formation.fr\/index.php\/wp-json\/wp\/v2\/pages\/44"}],"collection":[{"href":"https:\/\/ac-formation.fr\/index.php\/wp-json\/wp\/v2\/pages"}],"about":[{"href":"https:\/\/ac-formation.fr\/index.php\/wp-json\/wp\/v2\/types\/page"}],"author":[{"embeddable":true,"href":"https:\/\/ac-formation.fr\/index.php\/wp-json\/wp\/v2\/users\/1"}],"replies":[{"embeddable":true,"href":"https:\/\/ac-formation.fr\/index.php\/wp-json\/wp\/v2\/comments?post=44"}],"version-history":[{"count":2,"href":"https:\/\/ac-formation.fr\/index.php\/wp-json\/wp\/v2\/pages\/44\/revisions"}],"predecessor-version":[{"id":50,"href":"https:\/\/ac-formation.fr\/index.php\/wp-json\/wp\/v2\/pages\/44\/revisions\/50"}],"wp:attachment":[{"href":"https:\/\/ac-formation.fr\/index.php\/wp-json\/wp\/v2\/media?parent=44"}],"curies":[{"name":"wp","href":"https:\/\/api.w.org\/{rel}","templated":true}]}}