{"id":42,"date":"2022-01-13T14:38:16","date_gmt":"2022-01-13T13:38:16","guid":{"rendered":"http:\/\/ac-formation.fr\/?page_id=42"},"modified":"2022-01-13T14:38:17","modified_gmt":"2022-01-13T13:38:17","slug":"mentions-legales","status":"publish","type":"page","link":"https:\/\/ac-formation.fr\/index.php\/mentions-legales\/","title":{"rendered":"Mentions l\u00e9gales"},"content":{"rendered":"\n<p>SIEGE SOCIAL :<br> AC-FORMATION &#8211; Annie CAIMANT<br> 68 bis route de DOMONT<br>95460 EZANVILLE<br>  E-mail : contact@ac-formation.fr<br> Propri\u00e9t\u00e9 du site internet : <br> Le site https\/\/www.ac-formation.fr est la propri\u00e9t\u00e9 de Annie CAIMANT<br> Directeur de la publication : Annie CAIMANT<\/p>\n\n\n\n<p>H\u00e9bergement :<br>\nOVH<br>\nSAS au capital de 10 069 020 \u20ac<br>\nRCS Lille M\u00e9tropole 424 761 419 00045 <br>\nCode APE 2620Z <br>\nN\u00b0 TVA : FR 22 424 761 419 <br>\nSi\u00e8ge social : 2 rue Kellermann &#8211; 59100 Roubaix &#8211; France<\/p>\n\n\n\n<p>Cr\u00e9dits photos : <br>123RF banque d&rsquo;images &#8211; Photographes :  Goodluz Auremar Nyul Sellingpix Furuoda Wavebreakmediamicro<br><br>Ic\u00f4nes con\u00e7ues par Freepik from www.flaticon.com<br>Affaires vecteur cr\u00e9\u00e9 par freepik &#8211; fr.freepik.com<\/p>\n","protected":false},"excerpt":{"rendered":"<p>SIEGE SOCIAL : AC-FORMATION &#8211; Annie CAIMANT 68 bis route de DOMONT95460 [&hellip;]<\/p>\n","protected":false},"author":1,"featured_media":0,"parent":0,"menu_order":0,"comment_status":"closed","ping_status":"closed","template":"","meta":[],"_links":{"self":[{"href":"https:\/\/ac-formation.fr\/index.php\/wp-json\/wp\/v2\/pages\/42"}],"collection":[{"href":"https:\/\/ac-formation.fr\/index.php\/wp-json\/wp\/v2\/pages"}],"about":[{"href":"https:\/\/ac-formation.fr\/index.php\/wp-json\/wp\/v2\/types\/page"}],"author":[{"embeddable":true,"href":"https:\/\/ac-formation.fr\/index.php\/wp-json\/wp\/v2\/users\/1"}],"replies":[{"embeddable":true,"href":"https:\/\/ac-formation.fr\/index.php\/wp-json\/wp\/v2\/comments?post=42"}],"version-history":[{"count":1,"href":"https:\/\/ac-formation.fr\/index.php\/wp-json\/wp\/v2\/pages\/42\/revisions"}],"predecessor-version":[{"id":43,"href":"https:\/\/ac-formation.fr\/index.php\/wp-json\/wp\/v2\/pages\/42\/revisions\/43"}],"wp:attachment":[{"href":"https:\/\/ac-formation.fr\/index.php\/wp-json\/wp\/v2\/media?parent=42"}],"curies":[{"name":"wp","href":"https:\/\/api.w.org\/{rel}","templated":true}]}}