{"id":2,"date":"2022-01-10T18:00:17","date_gmt":"2022-01-10T17:00:17","guid":{"rendered":"http:\/\/yhelfvk.cluster031.hosting.ovh.net\/?page_id=2"},"modified":"2024-04-03T20:12:35","modified_gmt":"2024-04-03T18:12:35","slug":"page-d-exemple","status":"publish","type":"page","link":"https:\/\/ac-formation.fr\/index.php\/page-d-exemple\/","title":{"rendered":"A propos"},"content":{"rendered":"\n<blockquote class=\"wp-block-quote\"><p>Ac-formation cr\u00e9\u00e9e en 2003 par Annie CAIMANT, entreprise individuelle qui propose des formations bureautiques.<\/p><p>Depuis avril 2021 Annie CAIMANT est pass\u00e9e sous le statut d&rsquo;auto-entrepreneur.<\/p><\/blockquote>\n\n\n\n<p>Les formations sont assur\u00e9es en distanciel et  et avec encore plus d&rsquo;interactions qu&rsquo;en pr\u00e9sentiel (\u00e9changes, prise de main&nbsp;<strong>\u00e0 distance<\/strong>&nbsp;d\u00e8s que n\u00e9cessaire), vous \u00eates directement en relation avec votre formateur qui peux intervenir \u00e0 tout moment pour vous aider.<\/p>\n\n\n\n<p><strong>Pratique de Microsoft Teams&nbsp;sur toute la dur\u00e9e de la formation<\/strong><\/p>\n\n\n\n<p>La formation est effectu\u00e9e en visio avec l&rsquo;outil collaboratif Microsoft Teams, permettant au participant de partager, t\u00e9l\u00e9charger, \u00e9changer des documents pendant la classe virtuelle, mais \u00e9galement de d\u00e9poser ses documents entre les sessions afin que le formateur assure une aide ou une correction rapide. <\/p>\n\n\n\n<p class=\"has-black-color has-text-color\"><a><\/a><a><strong>Activit\u00e9 individuelle d&rsquo;entra\u00eenement entre les modules<\/strong><\/a><\/p>\n\n\n\n<p>Temps \u00e0 consacrer :&nbsp;libre  apr\u00e8s chaque module, selon votre disponibilit\u00e9.<br>Les exercices sont mis \u00e0 disposition par le formateur dans l&rsquo;espace en ligne. <br>Les corrections sont communiqu\u00e9es par le formateur apr\u00e8s la r\u00e9alisation de l&rsquo;exercice.<\/p>\n\n\n\n<p>J&rsquo;interviens \u00e9galement pour les particuliers, les \u00e9coles, et en sous-traitance <br>Pour information me contacter par mail : contact@ac-formation.fr<\/p>\n","protected":false},"excerpt":{"rendered":"<p>Ac-formation cr\u00e9\u00e9e en 2003 par Annie CAIMANT, entreprise individuelle qui propose des [&hellip;]<\/p>\n","protected":false},"author":1,"featured_media":0,"parent":0,"menu_order":0,"comment_status":"closed","ping_status":"open","template":"page-templates\/page_fullwidth.php","meta":[],"_links":{"self":[{"href":"https:\/\/ac-formation.fr\/index.php\/wp-json\/wp\/v2\/pages\/2"}],"collection":[{"href":"https:\/\/ac-formation.fr\/index.php\/wp-json\/wp\/v2\/pages"}],"about":[{"href":"https:\/\/ac-formation.fr\/index.php\/wp-json\/wp\/v2\/types\/page"}],"author":[{"embeddable":true,"href":"https:\/\/ac-formation.fr\/index.php\/wp-json\/wp\/v2\/users\/1"}],"replies":[{"embeddable":true,"href":"https:\/\/ac-formation.fr\/index.php\/wp-json\/wp\/v2\/comments?post=2"}],"version-history":[{"count":15,"href":"https:\/\/ac-formation.fr\/index.php\/wp-json\/wp\/v2\/pages\/2\/revisions"}],"predecessor-version":[{"id":123,"href":"https:\/\/ac-formation.fr\/index.php\/wp-json\/wp\/v2\/pages\/2\/revisions\/123"}],"wp:attachment":[{"href":"https:\/\/ac-formation.fr\/index.php\/wp-json\/wp\/v2\/media?parent=2"}],"curies":[{"name":"wp","href":"https:\/\/api.w.org\/{rel}","templated":true}]}}